{"id":51,"date":"2024-08-06T13:18:25","date_gmt":"2024-08-06T13:18:25","guid":{"rendered":"https:\/\/kelorental.louru.fi\/?page_id=51"},"modified":"2025-12-15T11:32:37","modified_gmt":"2025-12-15T09:32:37","slug":"about","status":"publish","type":"page","link":"https:\/\/kelorental.fi\/en\/meista\/","title":{"rendered":"About us"},"content":{"rendered":"\t\t<div data-elementor-type=\"wp-page\" data-elementor-id=\"51\" class=\"elementor elementor-51\" data-elementor-post-type=\"page\">\n\t\t\t\t\t\t<section class=\"elementor-section elementor-top-section elementor-element elementor-element-112ad15a elementor-section-height-min-height elementor-section-full_width elementor-section-items-stretch elementor-section-content-middle elementor-section-height-default\" data-id=\"112ad15a\" data-element_type=\"section\" data-e-type=\"section\" data-settings=\"{&quot;background_background&quot;:&quot;classic&quot;}\">\n\t\t\t\t\t\t\t<div class=\"elementor-background-overlay\"><\/div>\n\t\t\t\t\t\t\t<div class=\"elementor-container elementor-column-gap-default\">\n\t\t\t\t\t<div class=\"elementor-column elementor-col-100 elementor-top-column elementor-element elementor-element-589b0704\" data-id=\"589b0704\" data-element_type=\"column\" data-e-type=\"column\">\n\t\t\t<div class=\"elementor-widget-wrap elementor-element-populated\">\n\t\t\t\t\t\t<div class=\"elementor-element elementor-element-801f5bb elementor-widget elementor-widget-heading\" data-id=\"801f5bb\" data-element_type=\"widget\" data-e-type=\"widget\" data-widget_type=\"heading.default\">\n\t\t\t\t<div class=\"elementor-widget-container\">\n\t\t\t\t\t<h1 class=\"elementor-heading-title elementor-size-default\">Meist\u00e4<\/h1>\t\t\t\t<\/div>\n\t\t\t\t<\/div>\n\t\t\t\t<div class=\"elementor-element elementor-element-765a6c1b elementor-widget elementor-widget-heading\" data-id=\"765a6c1b\" data-element_type=\"widget\" data-e-type=\"widget\" data-widget_type=\"heading.default\">\n\t\t\t\t<div class=\"elementor-widget-container\">\n\t\t\t\t\t<h4 class=\"elementor-heading-title elementor-size-default\">Tutustu tarinaamme<\/h4>\t\t\t\t<\/div>\n\t\t\t\t<\/div>\n\t\t\t\t\t<\/div>\n\t\t<\/div>\n\t\t\t\t\t<\/div>\n\t\t<\/section>\n\t\t\t\t<section class=\"elementor-section elementor-top-section elementor-element elementor-element-f6d3e13 elementor-section-height-min-height elementor-section-boxed elementor-section-height-default elementor-section-items-middle\" data-id=\"f6d3e13\" data-element_type=\"section\" data-e-type=\"section\" data-settings=\"{&quot;background_motion_fx_devices&quot;:[&quot;desktop&quot;,&quot;laptop&quot;,&quot;tablet&quot;,&quot;mobile&quot;]}\">\n\t\t\t\t\t\t<div class=\"elementor-container elementor-column-gap-default\">\n\t\t\t\t\t<div class=\"elementor-column elementor-col-100 elementor-top-column elementor-element elementor-element-52d29ce8\" data-id=\"52d29ce8\" data-element_type=\"column\" data-e-type=\"column\">\n\t\t\t<div class=\"elementor-widget-wrap elementor-element-populated\">\n\t\t\t\t\t\t<div class=\"elementor-element elementor-element-44134096 elementor-widget elementor-widget-heading\" data-id=\"44134096\" data-element_type=\"widget\" data-e-type=\"widget\" data-widget_type=\"heading.default\">\n\t\t\t\t<div class=\"elementor-widget-container\">\n\t\t\t\t\t<h2 class=\"elementor-heading-title elementor-size-default\">Kelo Rental &amp; Safaris<\/h2>\t\t\t\t<\/div>\n\t\t\t\t<\/div>\n\t\t\t\t<div class=\"elementor-element elementor-element-2612ae5f elementor-widget elementor-widget-text-editor\" data-id=\"2612ae5f\" data-element_type=\"widget\" data-e-type=\"widget\" data-widget_type=\"text-editor.default\">\n\t\t\t\t<div class=\"elementor-widget-container\">\n\t\t\t\t\t\t\t\t\t<p>Olemme pieni perheyritys Levin syd\u00e4mmess\u00e4. Toimimme t\u00e4\u00e4ll\u00e4 usean vuoden kokemuksella, meilt\u00e4 saat ammattitaitoista ja asiakasl\u00e4ht\u00f6ist\u00e4 palvelua. Intohimomme asiakaspalveluun ja Lapin luontoon takaavat mahtavan kokemuksen meill\u00e4 asioidessasi.\u00a0<\/p><p>Meille t\u00e4rkeint\u00e4 on laadukas ja yksil\u00f6llinen asiakaskokemus.\u00a0<\/p><p>\u00a0Varaukset ja tiedustelut numerosta <a href=\"tel:046 921 2977\">046 921 2977<\/a>.<\/p><p><strong>Tervetuloa entiset ja uudet asiakkaat Levin ytimeen!<\/strong><\/p><p><strong>Keskuskuja 4<\/strong><\/p>\t\t\t\t\t\t\t\t<\/div>\n\t\t\t\t<\/div>\n\t\t\t\t\t<\/div>\n\t\t<\/div>\n\t\t\t\t\t<\/div>\n\t\t<\/section>\n\t\t\t\t<\/div>\n\t\t","protected":false},"excerpt":{"rendered":"<p>Meist\u00e4 Tutustu tarinaamme Kelo Rental &amp; Safaris Olemme pieni perheyritys Levin syd\u00e4mmess\u00e4. Toimimme t\u00e4\u00e4ll\u00e4 usean vuoden kokemuksella, meilt\u00e4 saat ammattitaitoista ja asiakasl\u00e4ht\u00f6ist\u00e4 palvelua. Intohimomme asiakaspalveluun ja Lapin luontoon takaavat mahtavan kokemuksen meill\u00e4 asioidessasi.\u00a0 Meille t\u00e4rkeint\u00e4 on laadukas ja yksil\u00f6llinen asiakaskokemus.\u00a0 \u00a0Varaukset ja tiedustelut numerosta 046 921 2977. Tervetuloa entiset ja uudet asiakkaat Levin ytimeen! Keskuskuja [&hellip;]<\/p>\n","protected":false},"author":1,"featured_media":0,"parent":0,"menu_order":0,"comment_status":"closed","ping_status":"closed","template":"elementor_header_footer","meta":{"_acf_changed":false,"footnotes":""},"class_list":["post-51","page","type-page","status-publish","hentry"],"acf":[],"publishpress_future_action":{"enabled":false,"date":"2026-04-22 06:11:04","action":"change-status","newStatus":"draft","terms":[],"taxonomy":"","extraData":[]},"publishpress_future_workflow_manual_trigger":{"enabledWorkflows":[]},"_links":{"self":[{"href":"https:\/\/kelorental.fi\/en\/wp-json\/wp\/v2\/pages\/51","targetHints":{"allow":["GET"]}}],"collection":[{"href":"https:\/\/kelorental.fi\/en\/wp-json\/wp\/v2\/pages"}],"about":[{"href":"https:\/\/kelorental.fi\/en\/wp-json\/wp\/v2\/types\/page"}],"author":[{"embeddable":true,"href":"https:\/\/kelorental.fi\/en\/wp-json\/wp\/v2\/users\/1"}],"replies":[{"embeddable":true,"href":"https:\/\/kelorental.fi\/en\/wp-json\/wp\/v2\/comments?post=51"}],"version-history":[{"count":64,"href":"https:\/\/kelorental.fi\/en\/wp-json\/wp\/v2\/pages\/51\/revisions"}],"predecessor-version":[{"id":2753,"href":"https:\/\/kelorental.fi\/en\/wp-json\/wp\/v2\/pages\/51\/revisions\/2753"}],"wp:attachment":[{"href":"https:\/\/kelorental.fi\/en\/wp-json\/wp\/v2\/media?parent=51"}],"curies":[{"name":"wp","href":"https:\/\/api.w.org\/{rel}","templated":true}]}}