{"id":3,"date":"2024-08-06T11:53:09","date_gmt":"2024-08-06T11:53:09","guid":{"rendered":"http:\/\/kelorental.louru.fi\/?page_id=3"},"modified":"2024-09-13T19:32:43","modified_gmt":"2024-09-13T16:32:43","slug":"privacy-policy","status":"publish","type":"page","link":"https:\/\/kelorental.fi\/en\/tietosuojaseloste\/","title":{"rendered":"Privacy policy"},"content":{"rendered":"<div data-elementor-type=\"wp-page\" data-elementor-id=\"3\" class=\"elementor elementor-3\" data-elementor-post-type=\"page\">\n\t\t\t\t\t\t<section class=\"elementor-section elementor-top-section elementor-element elementor-element-4f29b185 elementor-section-boxed elementor-section-height-default elementor-section-height-default\" data-id=\"4f29b185\" data-element_type=\"section\" data-e-type=\"section\">\n\t\t\t\t\t\t\t<div class=\"elementor-background-overlay\"><\/div>\n\t\t\t\t\t\t\t<div class=\"elementor-container elementor-column-gap-default\">\n\t\t\t\t\t<div class=\"elementor-column elementor-col-100 elementor-top-column elementor-element elementor-element-53669beb\" data-id=\"53669beb\" data-element_type=\"column\" data-e-type=\"column\">\n\t\t\t<div class=\"elementor-widget-wrap elementor-element-populated\">\n\t\t\t\t\t\t<div class=\"elementor-element elementor-element-31209d18 elementor-widget elementor-widget-heading\" data-id=\"31209d18\" data-element_type=\"widget\" data-e-type=\"widget\" data-widget_type=\"heading.default\">\n\t\t\t\t<div class=\"elementor-widget-container\">\n\t\t\t\t\t<h2 class=\"elementor-heading-title elementor-size-default\">Register and Privacy Statement<\/h2>\t\t\t\t<\/div>\n\t\t\t\t<\/div>\n\t\t\t\t<div class=\"elementor-element elementor-element-7052f2c6 elementor-widget elementor-widget-text-editor\" data-id=\"7052f2c6\" data-element_type=\"widget\" data-e-type=\"widget\" data-widget_type=\"text-editor.default\">\n\t\t\t\t<div class=\"elementor-widget-container\">\n\t\t\t\t\t\t\t\t\t<div class=\"elementor-element elementor-element-af60be1 elementor-widget elementor-widget-heading\" data-id=\"af60be1\" data-element_type=\"widget\" data-widget_type=\"heading.default\">\n<div class=\"elementor-widget-container\">\n<div class=\"elementor-element elementor-element-896c0e9 elementor-widget elementor-widget-text-editor\" data-id=\"896c0e9\" data-element_type=\"widget\" data-widget_type=\"text-editor.default\">\n<div class=\"elementor-widget-container\">\n<p>This is Kelo Rental &amp; Safaris' registration and data protection statement in accordance with the EU General Data Protection Regulation (GDPR). Prepared on 21 August 2024.<\/p>\n<\/div>\n<\/div>\n<div class=\"elementor-element elementor-element-f8c341b elementor-widget elementor-widget-heading\" data-id=\"f8c341b\" data-element_type=\"widget\" data-widget_type=\"heading.default\">\n<div class=\"elementor-widget-container\">\u00a0<\/div>\n<\/div>\n<\/div>\n<\/div>\t\t\t\t\t\t\t\t<\/div>\n\t\t\t\t<\/div>\n\t\t\t\t<div class=\"elementor-element elementor-element-3708f648 elementor-widget elementor-widget-heading\" data-id=\"3708f648\" data-element_type=\"widget\" data-e-type=\"widget\" data-widget_type=\"heading.default\">\n\t\t\t\t<div class=\"elementor-widget-container\">\n\t\t\t\t\t<h2 class=\"elementor-heading-title elementor-size-default\">Registrar<\/h2>\t\t\t\t<\/div>\n\t\t\t\t<\/div>\n\t\t\t\t<div class=\"elementor-element elementor-element-20e85539 elementor-widget elementor-widget-text-editor\" data-id=\"20e85539\" data-element_type=\"widget\" data-e-type=\"widget\" data-widget_type=\"text-editor.default\">\n\t\t\t\t<div class=\"elementor-widget-container\">\n\t\t\t\t\t\t\t\t\t<div data-id=\"af60be1\" data-element_type=\"widget\" data-widget_type=\"heading.default\">\n<div>\n<div data-id=\"896c0e9\" data-element_type=\"widget\" data-widget_type=\"text-editor.default\">\n<div>\n<p>Kelo Rental &amp; Safaris Oy<\/p>\n<p>Keskuskuja 4 99130 Sirkka<\/p>\n<p>+358 46 921 2977<\/p>\n<p>levi@kelorental.fi<\/p>\n<\/div>\n<\/div>\n<\/div>\n<\/div>\t\t\t\t\t\t\t\t<\/div>\n\t\t\t\t<\/div>\n\t\t\t\t<div class=\"elementor-element elementor-element-5e49d3b8 elementor-widget elementor-widget-heading\" data-id=\"5e49d3b8\" data-element_type=\"widget\" data-e-type=\"widget\" data-widget_type=\"heading.default\">\n\t\t\t\t<div class=\"elementor-widget-container\">\n\t\t\t\t\t<h2 class=\"elementor-heading-title elementor-size-default\">Requests related to data protection<\/h2>\t\t\t\t<\/div>\n\t\t\t\t<\/div>\n\t\t\t\t<div class=\"elementor-element elementor-element-51f23646 elementor-widget elementor-widget-text-editor\" data-id=\"51f23646\" data-element_type=\"widget\" data-e-type=\"widget\" data-widget_type=\"text-editor.default\">\n\t\t\t\t<div class=\"elementor-widget-container\">\n\t\t\t\t\t\t\t\t\t<div class=\"elementor-element elementor-element-af60be1 elementor-widget elementor-widget-heading\" data-id=\"af60be1\" data-element_type=\"widget\" data-widget_type=\"heading.default\"><div class=\"elementor-widget-container\"><div class=\"elementor-element elementor-element-896c0e9 elementor-widget elementor-widget-text-editor\" data-id=\"896c0e9\" data-element_type=\"widget\" data-widget_type=\"text-editor.default\"><div class=\"elementor-widget-container\"><p>responsible for data protection requests. <a href=\"https:\/\/louru.fi\" target=\"_blank\" rel=\"noopener\">Louru Oy<\/a>.<\/p><\/div><\/div><\/div><\/div>\t\t\t\t\t\t\t\t<\/div>\n\t\t\t\t<\/div>\n\t\t\t\t<div class=\"elementor-element elementor-element-651f06bb elementor-widget elementor-widget-heading\" data-id=\"651f06bb\" data-element_type=\"widget\" data-e-type=\"widget\" data-widget_type=\"heading.default\">\n\t\t\t\t<div class=\"elementor-widget-container\">\n\t\t\t\t\t<h2 class=\"elementor-heading-title elementor-size-default\">Registry name<\/h2>\t\t\t\t<\/div>\n\t\t\t\t<\/div>\n\t\t\t\t<div class=\"elementor-element elementor-element-38437558 elementor-widget elementor-widget-text-editor\" data-id=\"38437558\" data-element_type=\"widget\" data-e-type=\"widget\" data-widget_type=\"text-editor.default\">\n\t\t\t\t<div class=\"elementor-widget-container\">\n\t\t\t\t\t\t\t\t\t<div class=\"elementor-element elementor-element-af60be1 elementor-widget elementor-widget-heading\" data-id=\"af60be1\" data-element_type=\"widget\" data-widget_type=\"heading.default\">\n<div class=\"elementor-widget-container\">\n<div class=\"elementor-element elementor-element-896c0e9 elementor-widget elementor-widget-text-editor\" data-id=\"896c0e9\" data-element_type=\"widget\" data-widget_type=\"text-editor.default\">\n<div class=\"elementor-widget-container\">\n<p>Kelo Rental &amp; Safaris online service user register.<\/p>\n<p>\u00a0<\/p>\n<\/div>\n<\/div>\n<\/div>\n<\/div>\t\t\t\t\t\t\t\t<\/div>\n\t\t\t\t<\/div>\n\t\t\t\t<div class=\"elementor-element elementor-element-4b1dae35 elementor-widget elementor-widget-heading\" data-id=\"4b1dae35\" data-element_type=\"widget\" data-e-type=\"widget\" data-widget_type=\"heading.default\">\n\t\t\t\t<div class=\"elementor-widget-container\">\n\t\t\t\t\t<h2 class=\"elementor-heading-title elementor-size-default\">Purpose of personal data processing<\/h2>\t\t\t\t<\/div>\n\t\t\t\t<\/div>\n\t\t\t\t<div class=\"elementor-element elementor-element-35c9f5a3 elementor-widget elementor-widget-text-editor\" data-id=\"35c9f5a3\" data-element_type=\"widget\" data-e-type=\"widget\" data-widget_type=\"text-editor.default\">\n\t\t\t\t<div class=\"elementor-widget-container\">\n\t\t\t\t\t\t\t\t\t<div class=\"elementor-element elementor-element-af60be1 elementor-widget elementor-widget-heading\" data-id=\"af60be1\" data-element_type=\"widget\" data-widget_type=\"heading.default\"><div class=\"elementor-widget-container\"><div class=\"elementor-element elementor-element-896c0e9 elementor-widget elementor-widget-text-editor\" data-id=\"896c0e9\" data-element_type=\"widget\" data-widget_type=\"text-editor.default\"><div class=\"elementor-widget-container\"><p>The purpose of personal data processing is communication with customers, customer relationship maintenance and marketing. In addition, the collected information can be used to develop the online service. The information is not used for automated decision-making or profiling.<\/p><p>\u00a0<\/p><\/div><\/div><\/div><\/div>\t\t\t\t\t\t\t\t<\/div>\n\t\t\t\t<\/div>\n\t\t\t\t<div class=\"elementor-element elementor-element-383668c9 elementor-widget elementor-widget-heading\" data-id=\"383668c9\" data-element_type=\"widget\" data-e-type=\"widget\" data-widget_type=\"heading.default\">\n\t\t\t\t<div class=\"elementor-widget-container\">\n\t\t\t\t\t<h2 class=\"elementor-heading-title elementor-size-default\">Data content of the register<\/h2>\t\t\t\t<\/div>\n\t\t\t\t<\/div>\n\t\t\t\t<div class=\"elementor-element elementor-element-55cb8278 elementor-widget elementor-widget-text-editor\" data-id=\"55cb8278\" data-element_type=\"widget\" data-e-type=\"widget\" data-widget_type=\"text-editor.default\">\n\t\t\t\t<div class=\"elementor-widget-container\">\n\t\t\t\t\t\t\t\t\t<div class=\"elementor-element elementor-element-af60be1 elementor-widget elementor-widget-heading\" data-id=\"af60be1\" data-element_type=\"widget\" data-widget_type=\"heading.default\"><div class=\"elementor-widget-container\"><div class=\"elementor-element elementor-element-896c0e9 elementor-widget elementor-widget-text-editor\" data-id=\"896c0e9\" data-element_type=\"widget\" data-widget_type=\"text-editor.default\"><div class=\"elementor-widget-container\"><p>Information to be stored in the register is: Person's name, company name, contact information (phone number, e-mail address, address), website addresses, information about ordered services and their changes, billing information, other information related to the customer relationship and ordered services.<\/p><p>The data will be stored for the time being.<\/p><\/div><\/div><\/div><\/div>\t\t\t\t\t\t\t\t<\/div>\n\t\t\t\t<\/div>\n\t\t\t\t<div class=\"elementor-element elementor-element-65d67ec4 elementor-widget elementor-widget-heading\" data-id=\"65d67ec4\" data-element_type=\"widget\" data-e-type=\"widget\" data-widget_type=\"heading.default\">\n\t\t\t\t<div class=\"elementor-widget-container\">\n\t\t\t\t\t<h2 class=\"elementor-heading-title elementor-size-default\">Regular sources of information<\/h2>\t\t\t\t<\/div>\n\t\t\t\t<\/div>\n\t\t\t\t<div class=\"elementor-element elementor-element-650b18c3 elementor-widget elementor-widget-text-editor\" data-id=\"650b18c3\" data-element_type=\"widget\" data-e-type=\"widget\" data-widget_type=\"text-editor.default\">\n\t\t\t\t<div class=\"elementor-widget-container\">\n\t\t\t\t\t\t\t\t\t<div class=\"elementor-element elementor-element-af60be1 elementor-widget elementor-widget-heading\" data-id=\"af60be1\" data-element_type=\"widget\" data-widget_type=\"heading.default\"><div class=\"elementor-widget-container\"><div class=\"elementor-element elementor-element-896c0e9 elementor-widget elementor-widget-text-editor\" data-id=\"896c0e9\" data-element_type=\"widget\" data-widget_type=\"text-editor.default\"><div class=\"elementor-widget-container\"><p>The information to be recorded in the register is received from the customer via e-mail, telephone, social media services, contracts, customer meetings and other situations where the customer discloses their information.<\/p><p>Information about contact persons of companies and other organizations can also be collected from public sources such as websites, directory services and other companies.<\/p><\/div><\/div><\/div><\/div>\t\t\t\t\t\t\t\t<\/div>\n\t\t\t\t<\/div>\n\t\t\t\t<div class=\"elementor-element elementor-element-3f0e2779 elementor-widget elementor-widget-heading\" data-id=\"3f0e2779\" data-element_type=\"widget\" data-e-type=\"widget\" data-widget_type=\"heading.default\">\n\t\t\t\t<div class=\"elementor-widget-container\">\n\t\t\t\t\t<h2 class=\"elementor-heading-title elementor-size-default\">Data transfer outside the EU or EEA<\/h2>\t\t\t\t<\/div>\n\t\t\t\t<\/div>\n\t\t\t\t<div class=\"elementor-element elementor-element-23c29c6a elementor-widget elementor-widget-text-editor\" data-id=\"23c29c6a\" data-element_type=\"widget\" data-e-type=\"widget\" data-widget_type=\"text-editor.default\">\n\t\t\t\t<div class=\"elementor-widget-container\">\n\t\t\t\t\t\t\t\t\t<div class=\"elementor-element elementor-element-af60be1 elementor-widget elementor-widget-heading\" data-id=\"af60be1\" data-element_type=\"widget\" data-widget_type=\"heading.default\"><div class=\"elementor-widget-container\"><div class=\"elementor-element elementor-element-896c0e9 elementor-widget elementor-widget-text-editor\" data-id=\"896c0e9\" data-element_type=\"widget\" data-widget_type=\"text-editor.default\"><div class=\"elementor-widget-container\"><p>Information is not regularly disclosed to other parties. Information can be published to the extent agreed with the customer. Data can also be transferred by the controller outside the EU or EEA.<\/p><\/div><\/div><\/div><\/div>\t\t\t\t\t\t\t\t<\/div>\n\t\t\t\t<\/div>\n\t\t\t\t<div class=\"elementor-element elementor-element-78c6525a elementor-widget elementor-widget-heading\" data-id=\"78c6525a\" data-element_type=\"widget\" data-e-type=\"widget\" data-widget_type=\"heading.default\">\n\t\t\t\t<div class=\"elementor-widget-container\">\n\t\t\t\t\t<h2 class=\"elementor-heading-title elementor-size-default\">Principles of registry protection<\/h2>\t\t\t\t<\/div>\n\t\t\t\t<\/div>\n\t\t\t\t<div class=\"elementor-element elementor-element-35ead22e elementor-widget elementor-widget-text-editor\" data-id=\"35ead22e\" data-element_type=\"widget\" data-e-type=\"widget\" data-widget_type=\"text-editor.default\">\n\t\t\t\t<div class=\"elementor-widget-container\">\n\t\t\t\t\t\t\t\t\t<div class=\"elementor-element elementor-element-af60be1 elementor-widget elementor-widget-heading\" data-id=\"af60be1\" data-element_type=\"widget\" data-widget_type=\"heading.default\"><div class=\"elementor-widget-container\"><div class=\"elementor-element elementor-element-896c0e9 elementor-widget elementor-widget-text-editor\" data-id=\"896c0e9\" data-element_type=\"widget\" data-widget_type=\"text-editor.default\"><div class=\"elementor-widget-container\"><p>The registrar ensures that stored data as well as server access rights and other data critical to the security of personal data are handled confidentially and only by those employees whose job description it is.<\/p><\/div><\/div><\/div><\/div>\t\t\t\t\t\t\t\t<\/div>\n\t\t\t\t<\/div>\n\t\t\t\t<div class=\"elementor-element elementor-element-60e390f6 elementor-widget elementor-widget-heading\" data-id=\"60e390f6\" data-element_type=\"widget\" data-e-type=\"widget\" data-widget_type=\"heading.default\">\n\t\t\t\t<div class=\"elementor-widget-container\">\n\t\t\t\t\t<h2 class=\"elementor-heading-title elementor-size-default\">Risks<\/h2>\t\t\t\t<\/div>\n\t\t\t\t<\/div>\n\t\t\t\t<div class=\"elementor-element elementor-element-2ffcc664 elementor-widget elementor-widget-text-editor\" data-id=\"2ffcc664\" data-element_type=\"widget\" data-e-type=\"widget\" data-widget_type=\"text-editor.default\">\n\t\t\t\t<div class=\"elementor-widget-container\">\n\t\t\t\t\t\t\t\t\t<div class=\"elementor-element elementor-element-af60be1 elementor-widget elementor-widget-heading\" data-id=\"af60be1\" data-element_type=\"widget\" data-widget_type=\"heading.default\"><div class=\"elementor-widget-container\"><div class=\"elementor-element elementor-element-896c0e9 elementor-widget elementor-widget-text-editor\" data-id=\"896c0e9\" data-element_type=\"widget\" data-widget_type=\"text-editor.default\"><div class=\"elementor-widget-container\"><p>Risks related to personal data are e.g. data leaks. The personal data stored in the register is protected against unauthorized access to the data and against accidental or illegal data destruction, alteration, transfer, transfer or other illegal processing.<\/p><p>\u00a0<\/p><\/div><\/div><\/div><\/div>\t\t\t\t\t\t\t\t<\/div>\n\t\t\t\t<\/div>\n\t\t\t\t<div class=\"elementor-element elementor-element-44af111f elementor-widget elementor-widget-heading\" data-id=\"44af111f\" data-element_type=\"widget\" data-e-type=\"widget\" data-widget_type=\"heading.default\">\n\t\t\t\t<div class=\"elementor-widget-container\">\n\t\t\t\t\t<h2 class=\"elementor-heading-title elementor-size-default\">Inspection right and rights related to the processing of personal data<\/h2>\t\t\t\t<\/div>\n\t\t\t\t<\/div>\n\t\t\t\t<div class=\"elementor-element elementor-element-4a504ced elementor-widget elementor-widget-text-editor\" data-id=\"4a504ced\" data-element_type=\"widget\" data-e-type=\"widget\" data-widget_type=\"text-editor.default\">\n\t\t\t\t<div class=\"elementor-widget-container\">\n\t\t\t\t\t\t\t\t\t<div class=\"elementor-element elementor-element-af60be1 elementor-widget elementor-widget-heading\" data-id=\"af60be1\" data-element_type=\"widget\" data-widget_type=\"heading.default\"><div class=\"elementor-widget-container\"><div class=\"elementor-element elementor-element-896c0e9 elementor-widget elementor-widget-text-editor\" data-id=\"896c0e9\" data-element_type=\"widget\" data-widget_type=\"text-editor.default\"><div class=\"elementor-widget-container\"><p>Every person in the register has the right to check their information stored in the register and to demand the correction of any incorrect information or the completion of incomplete information.<\/p><p>If a person wants to check the information stored about him, demand a correction or request the deletion of his personal data, the request must be sent in writing to the controller. If necessary, the registrar may ask the requester to prove his identity. The controller responds to the customer within the time stipulated in the EU data protection regulation (generally within a month).<\/p><\/div><\/div><\/div><\/div>\t\t\t\t\t\t\t\t<\/div>\n\t\t\t\t<\/div>\n\t\t\t\t<div class=\"elementor-element elementor-element-667a940b elementor-widget elementor-widget-heading\" data-id=\"667a940b\" data-element_type=\"widget\" data-e-type=\"widget\" data-widget_type=\"heading.default\">\n\t\t\t\t<div class=\"elementor-widget-container\">\n\t\t\t\t\t<h2 class=\"elementor-heading-title elementor-size-default\">Cookies and visitor tracking<\/h2>\t\t\t\t<\/div>\n\t\t\t\t<\/div>\n\t\t\t\t<div class=\"elementor-element elementor-element-1ebbdfea elementor-widget elementor-widget-text-editor\" data-id=\"1ebbdfea\" data-element_type=\"widget\" data-e-type=\"widget\" data-widget_type=\"text-editor.default\">\n\t\t\t\t<div class=\"elementor-widget-container\">\n\t\t\t\t\t\t\t\t\t<div class=\"elementor-element elementor-element-af60be1 elementor-widget elementor-widget-heading\" data-id=\"af60be1\" data-element_type=\"widget\" data-widget_type=\"heading.default\"><div class=\"elementor-widget-container\"><div class=\"elementor-element elementor-element-896c0e9 elementor-widget elementor-widget-text-editor\" data-id=\"896c0e9\" data-element_type=\"widget\" data-widget_type=\"text-editor.default\"><div class=\"elementor-widget-container\"><p>Website visitor information and statistics are stored via the Google Analytics web analytics service on Google's servers, which may also be located outside the EEA (Privacy Shield countries).<\/p><\/div><\/div><\/div><\/div>\t\t\t\t\t\t\t\t<\/div>\n\t\t\t\t<\/div>\n\t\t\t\t<div class=\"elementor-element elementor-element-41d27231 elementor-widget elementor-widget-heading\" data-id=\"41d27231\" data-element_type=\"widget\" data-e-type=\"widget\" data-widget_type=\"heading.default\">\n\t\t\t\t<div class=\"elementor-widget-container\">\n\t\t\t\t\t<h2 class=\"elementor-heading-title elementor-size-default\">What are cookies?<\/h2>\t\t\t\t<\/div>\n\t\t\t\t<\/div>\n\t\t\t\t<div class=\"elementor-element elementor-element-19572f90 elementor-widget elementor-widget-text-editor\" data-id=\"19572f90\" data-element_type=\"widget\" data-e-type=\"widget\" data-widget_type=\"text-editor.default\">\n\t\t\t\t<div class=\"elementor-widget-container\">\n\t\t\t\t\t\t\t\t\t<div class=\"elementor-element elementor-element-af60be1 elementor-widget elementor-widget-heading\" data-id=\"af60be1\" data-element_type=\"widget\" data-widget_type=\"heading.default\"><div class=\"elementor-widget-container\"><div class=\"elementor-element elementor-element-896c0e9 elementor-widget elementor-widget-text-editor\" data-id=\"896c0e9\" data-element_type=\"widget\" data-widget_type=\"text-editor.default\"><div class=\"elementor-widget-container\"><p>Cookies are small text files that are stored on the user's device when he visits the website. With each visit, these cookies are sent back to the website, which recognizes the cookie. With the help of cookies, e.g. identifies the user's device, saves the choices made by the user on the site and stores login information. Cookies can also be used to track visitors, which can be used to improve the user experience and target ads, for example.<\/p><\/div><\/div><\/div><\/div>\t\t\t\t\t\t\t\t<\/div>\n\t\t\t\t<\/div>\n\t\t\t\t<div class=\"elementor-element elementor-element-5a6f477 elementor-widget elementor-widget-heading\" data-id=\"5a6f477\" data-element_type=\"widget\" data-e-type=\"widget\" data-widget_type=\"heading.default\">\n\t\t\t\t<div class=\"elementor-widget-container\">\n\t\t\t\t\t<h2 class=\"elementor-heading-title elementor-size-default\">Cookies used on the website<\/h2>\t\t\t\t<\/div>\n\t\t\t\t<\/div>\n\t\t\t\t<div class=\"elementor-element elementor-element-23b791cc elementor-widget elementor-widget-text-editor\" data-id=\"23b791cc\" data-element_type=\"widget\" data-e-type=\"widget\" data-widget_type=\"text-editor.default\">\n\t\t\t\t<div class=\"elementor-widget-container\">\n\t\t\t\t\t\t\t\t\t<div class=\"elementor-element elementor-element-af60be1 elementor-widget elementor-widget-heading\" data-id=\"af60be1\" data-element_type=\"widget\" data-widget_type=\"heading.default\"><div class=\"elementor-widget-container\"><div class=\"elementor-element elementor-element-896c0e9 elementor-widget elementor-widget-text-editor\" data-id=\"896c0e9\" data-element_type=\"widget\" data-widget_type=\"text-editor.default\"><div class=\"elementor-widget-container\"><p>This website uses the Google Analytics web analytics service, which uses cookies for visitor tracking. Google Analytics cookies can be used to collect information about, for example, the user<\/p><ul><li>from the device<\/li><li>location<\/li><li>of pages visited (on this site)<\/li><li>of opened links<\/li><li>of the visiting time<\/li><li>from the source of arrival.<br \/><br \/><\/li><\/ul><p>This website may contain embedded content from other sources. Downloading or opening embedded content is comparable to the user visiting a third-party website.<\/p><\/div><\/div><\/div><\/div>\t\t\t\t\t\t\t\t<\/div>\n\t\t\t\t<\/div>\n\t\t\t\t<div class=\"elementor-element elementor-element-587d25e elementor-widget elementor-widget-heading\" data-id=\"587d25e\" data-element_type=\"widget\" data-e-type=\"widget\" data-widget_type=\"heading.default\">\n\t\t\t\t<div class=\"elementor-widget-container\">\n\t\t\t\t\t<h2 class=\"elementor-heading-title elementor-size-default\">Allocation of collected data to a person<\/h2>\t\t\t\t<\/div>\n\t\t\t\t<\/div>\n\t\t\t\t<div class=\"elementor-element elementor-element-713c3e15 elementor-widget elementor-widget-text-editor\" data-id=\"713c3e15\" data-element_type=\"widget\" data-e-type=\"widget\" data-widget_type=\"text-editor.default\">\n\t\t\t\t<div class=\"elementor-widget-container\">\n\t\t\t\t\t\t\t\t\t<div class=\"elementor-element elementor-element-af60be1 elementor-widget elementor-widget-heading\" data-id=\"af60be1\" data-element_type=\"widget\" data-widget_type=\"heading.default\"><div class=\"elementor-widget-container\"><div class=\"elementor-element elementor-element-896c0e9 elementor-widget elementor-widget-text-editor\" data-id=\"896c0e9\" data-element_type=\"widget\" data-widget_type=\"text-editor.default\"><div class=\"elementor-widget-container\"><p>None of the collected data can be assigned to individuals, as the IP addresses and other identifying information of individuals have been removed from the reports. Google Analytics reports provide indicative figures on the number of visitors, information about their devices and behavior on this website.<\/p><p>\u00a0<\/p><\/div><\/div><\/div><\/div>\t\t\t\t\t\t\t\t<\/div>\n\t\t\t\t<\/div>\n\t\t\t\t\t<\/div>\n\t\t<\/div>\n\t\t\t\t\t<\/div>\n\t\t<\/section>\n\t\t\t\t<\/div>","protected":false},"excerpt":{"rendered":"<p>Rekisteri- ja tietosuojaseloste T\u00e4m\u00e4 on Kelo Rental &amp; Safaris&#8217;n EU:n yleisen tietosuoja-asetuksen (GDPR) mukainen rekisteri- ja tietosuojaseloste. Laadittu 21.8.2024. \u00a0 Rekisterinpit\u00e4j\u00e4 Kelo Rental &amp; Safaris Oy Keskuskuja 4 99130 Sirkka +358 46 921 2977 levi@kelorental.fi Tietosuojaan liittyv\u00e4t pyynn\u00f6t Tietosuojapyynn\u00f6ist\u00e4 vastaa Louru Oy. Rekisterin nimi Kelo Rental &amp; Safaris verkkopalvelun k\u00e4ytt\u00e4j\u00e4rekisteri. \u00a0 Henkil\u00f6tietojen k\u00e4sittelyn tarkoitus Henkil\u00f6tietojen [&hellip;]<\/p>\n","protected":false},"author":1,"featured_media":0,"parent":0,"menu_order":0,"comment_status":"closed","ping_status":"closed","template":"","meta":{"_acf_changed":false,"footnotes":""},"class_list":["post-3","page","type-page","status-publish","hentry"],"acf":[],"publishpress_future_action":{"enabled":false,"date":"2026-05-05 20:45:54","action":"change-status","newStatus":"draft","terms":[],"taxonomy":"","extraData":[]},"publishpress_future_workflow_manual_trigger":{"enabledWorkflows":[]},"_links":{"self":[{"href":"https:\/\/kelorental.fi\/en\/wp-json\/wp\/v2\/pages\/3","targetHints":{"allow":["GET"]}}],"collection":[{"href":"https:\/\/kelorental.fi\/en\/wp-json\/wp\/v2\/pages"}],"about":[{"href":"https:\/\/kelorental.fi\/en\/wp-json\/wp\/v2\/types\/page"}],"author":[{"embeddable":true,"href":"https:\/\/kelorental.fi\/en\/wp-json\/wp\/v2\/users\/1"}],"replies":[{"embeddable":true,"href":"https:\/\/kelorental.fi\/en\/wp-json\/wp\/v2\/comments?post=3"}],"version-history":[{"count":23,"href":"https:\/\/kelorental.fi\/en\/wp-json\/wp\/v2\/pages\/3\/revisions"}],"predecessor-version":[{"id":1415,"href":"https:\/\/kelorental.fi\/en\/wp-json\/wp\/v2\/pages\/3\/revisions\/1415"}],"wp:attachment":[{"href":"https:\/\/kelorental.fi\/en\/wp-json\/wp\/v2\/media?parent=3"}],"curies":[{"name":"wp","href":"https:\/\/api.w.org\/{rel}","templated":true}]}}